{"id":7,"date":"2020-09-23T18:39:03","date_gmt":"2020-09-23T18:39:03","guid":{"rendered":"http:\/\/www.pszczeli.blog\/?page_id=7"},"modified":"2020-11-28T19:27:48","modified_gmt":"2020-11-28T19:27:48","slug":"o-nas","status":"publish","type":"page","link":"https:\/\/www.pszczeli.blog\/index.php\/o-nas\/","title":{"rendered":"O nas"},"content":{"rendered":"<p>&nbsp;<\/p>\r\n\r\n<p>Jeste\u015bmy pogodnym ma\u0142\u017ce\u0144stwem, kt\u00f3re id\u0105c przez \u017cycie, odkry\u0142o wsp\u00f3ln\u0105 pasj\u0119, buduj\u0105c\u0105 nasz\u0105 relacj\u0119 i rodzin\u0119. To bezcenny czas sp\u0119dzony na wsp\u00f3lnych rozmowach, pomys\u0142ach, pracy, ale i godziny lekcyjne oraz kilometry pokonane wsp\u00f3lnie po szkolnych korytarzach w Pszczelej Woli, by do mistrzostwa opanowa\u0107 rzemios\u0142o. Dzielnie nam towarzyszy troje naszych dzieci, aktywnie anga\u017cuj\u0105cych si\u0119 w nasz\u0105 prac\u0119. To one s\u0105 dla nas motywacj\u0105 do ci\u0105g\u0142ego rozwoju i si\u0119gania po marzenia.<\/p>\r\n","protected":false},"excerpt":{"rendered":"<p>&nbsp; Jeste\u015bmy pogodnym ma\u0142\u017ce\u0144stwem, kt\u00f3re id\u0105c przez \u017cycie, odkry\u0142o wsp\u00f3ln\u0105 pasj\u0119, buduj\u0105c\u0105 nasz\u0105 relacj\u0119 i rodzin\u0119. To bezcenny czas sp\u0119dzony na wsp\u00f3lnych rozmowach, pomys\u0142ach, pracy, ale i godziny lekcyjne oraz kilometry pokonane wsp\u00f3lnie po szkolnych korytarzach w Pszczelej Woli, by do mistrzostwa opanowa\u0107 rzemios\u0142o. Dzielnie nam towarzyszy troje naszych dzieci, aktywnie anga\u017cuj\u0105cych si\u0119 w nasz\u0105 [&hellip;]<\/p>\n","protected":false},"author":1,"featured_media":270,"parent":0,"menu_order":0,"comment_status":"closed","ping_status":"closed","template":"","meta":{"site-sidebar-layout":"default","site-content-layout":"","ast-site-content-layout":"default","site-content-style":"default","site-sidebar-style":"default","ast-global-header-display":"","ast-banner-title-visibility":"","ast-main-header-display":"","ast-hfb-above-header-display":"","ast-hfb-below-header-display":"","ast-hfb-mobile-header-display":"","site-post-title":"","ast-breadcrumbs-content":"","ast-featured-img":"","footer-sml-layout":"","theme-transparent-header-meta":"","adv-header-id-meta":"","stick-header-meta":"","header-above-stick-meta":"","header-main-stick-meta":"","header-below-stick-meta":"","astra-migrate-meta-layouts":"default","ast-page-background-enabled":"default","ast-page-background-meta":{"desktop":{"background-color":"","background-image":"","background-repeat":"repeat","background-position":"center center","background-size":"auto","background-attachment":"scroll","background-type":"","background-media":"","overlay-type":"","overlay-color":"","overlay-opacity":"","overlay-gradient":""},"tablet":{"background-color":"","background-image":"","background-repeat":"repeat","background-position":"center center","background-size":"auto","background-attachment":"scroll","background-type":"","background-media":"","overlay-type":"","overlay-color":"","overlay-opacity":"","overlay-gradient":""},"mobile":{"background-color":"","background-image":"","background-repeat":"repeat","background-position":"center center","background-size":"auto","background-attachment":"scroll","background-type":"","background-media":"","overlay-type":"","overlay-color":"","overlay-opacity":"","overlay-gradient":""}},"ast-content-background-meta":{"desktop":{"background-color":"var(--ast-global-color-5)","background-image":"","background-repeat":"repeat","background-position":"center center","background-size":"auto","background-attachment":"scroll","background-type":"","background-media":"","overlay-type":"","overlay-color":"","overlay-opacity":"","overlay-gradient":""},"tablet":{"background-color":"var(--ast-global-color-5)","background-image":"","background-repeat":"repeat","background-position":"center center","background-size":"auto","background-attachment":"scroll","background-type":"","background-media":"","overlay-type":"","overlay-color":"","overlay-opacity":"","overlay-gradient":""},"mobile":{"background-color":"var(--ast-global-color-5)","background-image":"","background-repeat":"repeat","background-position":"center center","background-size":"auto","background-attachment":"scroll","background-type":"","background-media":"","overlay-type":"","overlay-color":"","overlay-opacity":"","overlay-gradient":""}},"footnotes":""},"class_list":["post-7","page","type-page","status-publish","has-post-thumbnail","hentry"],"_links":{"self":[{"href":"https:\/\/www.pszczeli.blog\/index.php\/wp-json\/wp\/v2\/pages\/7","targetHints":{"allow":["GET"]}}],"collection":[{"href":"https:\/\/www.pszczeli.blog\/index.php\/wp-json\/wp\/v2\/pages"}],"about":[{"href":"https:\/\/www.pszczeli.blog\/index.php\/wp-json\/wp\/v2\/types\/page"}],"author":[{"embeddable":true,"href":"https:\/\/www.pszczeli.blog\/index.php\/wp-json\/wp\/v2\/users\/1"}],"replies":[{"embeddable":true,"href":"https:\/\/www.pszczeli.blog\/index.php\/wp-json\/wp\/v2\/comments?post=7"}],"version-history":[{"count":4,"href":"https:\/\/www.pszczeli.blog\/index.php\/wp-json\/wp\/v2\/pages\/7\/revisions"}],"predecessor-version":[{"id":271,"href":"https:\/\/www.pszczeli.blog\/index.php\/wp-json\/wp\/v2\/pages\/7\/revisions\/271"}],"wp:featuredmedia":[{"embeddable":true,"href":"https:\/\/www.pszczeli.blog\/index.php\/wp-json\/wp\/v2\/media\/270"}],"wp:attachment":[{"href":"https:\/\/www.pszczeli.blog\/index.php\/wp-json\/wp\/v2\/media?parent=7"}],"curies":[{"name":"wp","href":"https:\/\/api.w.org\/{rel}","templated":true}]}}