{"id":14,"date":"2020-09-23T18:39:03","date_gmt":"2020-09-23T18:39:03","guid":{"rendered":"http:\/\/www.pszczeli.blog\/?page_id=14"},"modified":"2021-02-09T13:39:44","modified_gmt":"2021-02-09T13:39:44","slug":"strona-glowna","status":"publish","type":"page","link":"https:\/\/www.pszczeli.blog\/","title":{"rendered":"Witamy na stronie pszczeli.blog."},"content":{"rendered":"\t\t<div data-elementor-type=\"wp-page\" data-elementor-id=\"14\" class=\"elementor elementor-14\" data-elementor-post-type=\"page\">\n\t\t\t\t\t\t<section class=\"elementor-section elementor-top-section elementor-element elementor-element-125b42b elementor-section-boxed elementor-section-height-default elementor-section-height-default\" data-id=\"125b42b\" data-element_type=\"section\">\n\t\t\t\t\t\t<div class=\"elementor-container elementor-column-gap-default\">\n\t\t\t\t\t<div class=\"elementor-column elementor-col-100 elementor-top-column elementor-element elementor-element-74f45324\" data-id=\"74f45324\" data-element_type=\"column\">\n\t\t\t<div class=\"elementor-widget-wrap elementor-element-populated\">\n\t\t\t\t\t\t<div class=\"elementor-element elementor-element-2bea40b1 elementor-widget elementor-widget-text-editor\" data-id=\"2bea40b1\" data-element_type=\"widget\" data-widget_type=\"text-editor.default\">\n\t\t\t\t<div class=\"elementor-widget-container\">\n\t\t\t\t\t\t\t\t\t\r\n<p style=\"text-align: justify;\">Ide\u0105, jaka nam przy\u015bwieca\u0142a przy zak\u0142adaniu tego blogu, jest propagowanie wiedzy o znaczeniu pszczelarstwa dla przyrody\u00a0i cz\u0142owieka. W tym miejscu chcemy przybli\u017cy\u0107 WAM m.in. tajniki prozdrowotnych w\u0142a\u015bciwo\u015bci produkt\u00f3w pszczelich, b\u0119dziemy zg\u0142\u0119bia\u0107 arkana sztuki hodowli pszcz\u00f3\u0142, podgl\u0105da\u0107 \u015bwiat przyrody\u00a0i uczy\u0107 si\u0119, jak \u017cy\u0107 w harmonii z nimi. Zapraszamy do \u015bledzenia naszych wpis\u00f3w.<br \/>Stefan \u017beromski powiedzia\u0142 kiedy\u015b : \u201eNauka jest jak niezmierne morze. Im\u00a0wi\u0119cej jej pijesz, tym bardziej jeste\u015b spragniony \u201d. \u017bywimy g\u0142\u0119bok\u0105 wiar\u0119 w\u00a0to, \u017ce pszczeli.blog roznieci w Was to pragnienie.<\/p>\r\n\r\n\r\n\r\n<p style=\"text-align: justify;\">Ruszamy 4 pa\u017adziernika 2020<\/p>\r\n\r\n\r\n\r\n<p>Zapraszamy !<\/p>\r\n\t\t\t\t\t\t\t\t<\/div>\n\t\t\t\t<\/div>\n\t\t\t\t\t<\/div>\n\t\t<\/div>\n\t\t\t\t\t<\/div>\n\t\t<\/section>\n\t\t\t\t<section class=\"elementor-section elementor-top-section elementor-element elementor-element-66960bc elementor-section-boxed elementor-section-height-default elementor-section-height-default\" data-id=\"66960bc\" data-element_type=\"section\">\n\t\t\t\t\t\t<div class=\"elementor-container elementor-column-gap-default\">\n\t\t\t\t\t<div class=\"elementor-column elementor-col-100 elementor-top-column elementor-element elementor-element-06c373e\" data-id=\"06c373e\" data-element_type=\"column\">\n\t\t\t<div class=\"elementor-widget-wrap elementor-element-populated\">\n\t\t\t\t\t\t\t<\/div>\n\t\t<\/div>\n\t\t\t\t\t<\/div>\n\t\t<\/section>\n\t\t\t\t<section class=\"elementor-section elementor-top-section elementor-element elementor-element-5922df6 elementor-section-boxed elementor-section-height-default elementor-section-height-default\" data-id=\"5922df6\" data-element_type=\"section\">\n\t\t\t\t\t\t<div class=\"elementor-container elementor-column-gap-default\">\n\t\t\t\t\t<div class=\"elementor-column elementor-col-100 elementor-top-column elementor-element elementor-element-8e7baa7\" data-id=\"8e7baa7\" data-element_type=\"column\">\n\t\t\t<div class=\"elementor-widget-wrap\">\n\t\t\t\t\t\t\t<\/div>\n\t\t<\/div>\n\t\t\t\t\t<\/div>\n\t\t<\/section>\n\t\t\t\t<\/div>\n\t\t","protected":false},"excerpt":{"rendered":"<p>Ide\u0105, jaka nam przy\u015bwieca\u0142a przy zak\u0142adaniu tego blogu, jest propagowanie wiedzy o znaczeniu pszczelarstwa dla przyrody\u00a0i cz\u0142owieka. W tym miejscu chcemy przybli\u017cy\u0107 WAM m.in. tajniki prozdrowotnych w\u0142a\u015bciwo\u015bci produkt\u00f3w pszczelich, b\u0119dziemy zg\u0142\u0119bia\u0107 arkana sztuki hodowli pszcz\u00f3\u0142, podgl\u0105da\u0107 \u015bwiat przyrody\u00a0i uczy\u0107 si\u0119, jak \u017cy\u0107 w harmonii z nimi. Zapraszamy do \u015bledzenia naszych wpis\u00f3w.Stefan \u017beromski powiedzia\u0142 kiedy\u015b : [&hellip;]<\/p>\n","protected":false},"author":1,"featured_media":0,"parent":0,"menu_order":0,"comment_status":"closed","ping_status":"closed","template":"","meta":{"site-sidebar-layout":"default","site-content-layout":"","ast-site-content-layout":"default","site-content-style":"default","site-sidebar-style":"default","ast-global-header-display":"","ast-banner-title-visibility":"","ast-main-header-display":"","ast-hfb-above-header-display":"","ast-hfb-below-header-display":"","ast-hfb-mobile-header-display":"","site-post-title":"","ast-breadcrumbs-content":"","ast-featured-img":"","footer-sml-layout":"","theme-transparent-header-meta":"","adv-header-id-meta":"","stick-header-meta":"","header-above-stick-meta":"","header-main-stick-meta":"","header-below-stick-meta":"","astra-migrate-meta-layouts":"default","ast-page-background-enabled":"default","ast-page-background-meta":{"desktop":{"background-color":"","background-image":"","background-repeat":"repeat","background-position":"center center","background-size":"auto","background-attachment":"scroll","background-type":"","background-media":"","overlay-type":"","overlay-color":"","overlay-opacity":"","overlay-gradient":""},"tablet":{"background-color":"","background-image":"","background-repeat":"repeat","background-position":"center center","background-size":"auto","background-attachment":"scroll","background-type":"","background-media":"","overlay-type":"","overlay-color":"","overlay-opacity":"","overlay-gradient":""},"mobile":{"background-color":"","background-image":"","background-repeat":"repeat","background-position":"center center","background-size":"auto","background-attachment":"scroll","background-type":"","background-media":"","overlay-type":"","overlay-color":"","overlay-opacity":"","overlay-gradient":""}},"ast-content-background-meta":{"desktop":{"background-color":"var(--ast-global-color-5)","background-image":"","background-repeat":"repeat","background-position":"center center","background-size":"auto","background-attachment":"scroll","background-type":"","background-media":"","overlay-type":"","overlay-color":"","overlay-opacity":"","overlay-gradient":""},"tablet":{"background-color":"var(--ast-global-color-5)","background-image":"","background-repeat":"repeat","background-position":"center center","background-size":"auto","background-attachment":"scroll","background-type":"","background-media":"","overlay-type":"","overlay-color":"","overlay-opacity":"","overlay-gradient":""},"mobile":{"background-color":"var(--ast-global-color-5)","background-image":"","background-repeat":"repeat","background-position":"center center","background-size":"auto","background-attachment":"scroll","background-type":"","background-media":"","overlay-type":"","overlay-color":"","overlay-opacity":"","overlay-gradient":""}},"footnotes":""},"class_list":["post-14","page","type-page","status-publish","hentry"],"_links":{"self":[{"href":"https:\/\/www.pszczeli.blog\/index.php\/wp-json\/wp\/v2\/pages\/14","targetHints":{"allow":["GET"]}}],"collection":[{"href":"https:\/\/www.pszczeli.blog\/index.php\/wp-json\/wp\/v2\/pages"}],"about":[{"href":"https:\/\/www.pszczeli.blog\/index.php\/wp-json\/wp\/v2\/types\/page"}],"author":[{"embeddable":true,"href":"https:\/\/www.pszczeli.blog\/index.php\/wp-json\/wp\/v2\/users\/1"}],"replies":[{"embeddable":true,"href":"https:\/\/www.pszczeli.blog\/index.php\/wp-json\/wp\/v2\/comments?post=14"}],"version-history":[{"count":11,"href":"https:\/\/www.pszczeli.blog\/index.php\/wp-json\/wp\/v2\/pages\/14\/revisions"}],"predecessor-version":[{"id":456,"href":"https:\/\/www.pszczeli.blog\/index.php\/wp-json\/wp\/v2\/pages\/14\/revisions\/456"}],"wp:attachment":[{"href":"https:\/\/www.pszczeli.blog\/index.php\/wp-json\/wp\/v2\/media?parent=14"}],"curies":[{"name":"wp","href":"https:\/\/api.w.org\/{rel}","templated":true}]}}